{"id":38244,"date":"2025-10-18T14:29:47","date_gmt":"2025-10-18T12:29:47","guid":{"rendered":"https:\/\/andromachiselection.be\/produit\/friends-of-pfc-wine-box\/"},"modified":"2026-02-06T10:58:03","modified_gmt":"2026-02-06T09:58:03","slug":"friends-of-pfc-wine-box","status":"publish","type":"product","link":"https:\/\/andromachiselection.be\/nl\/boutique\/friends-of-pfc-wine-box\/","title":{"rendered":"Friends of PFC Wine Box"},"content":{"rendered":"<p>Ontdek de ziel van Paros aan de hand van zes uitzonderlijke wijnen. Van de sprankelende Seiradi Ros\u00e9 Extra Brut en de frisse Seiradi Blanc tot de levendige Seiradi Ros\u00e9, de expressieve Seiradi Rouge, de verfijnde Cuv\u00e9e Topos Blanc en de gestructureerde Cuv\u00e9e Topos Rouge: deze collectie weerspiegelt de zonnige wijngaarden van het eiland, eeuwenoude tradities en innovatieve wijnbereiding. Het unieke, subtiel zilte minerale karakter is afkomstig van de oude, diepgewortelde wijnstokken van Paros, die het unieke terroir van het eiland perfect tot uitdrukking brengen. Elke fles vertelt een verhaal van erfgoed, passie en precisie.   <\/p>\n<p>Beperkt, exclusief en onvergetelijk: het perfecte cadeau of genot voor wijnliefhebbers die op zoek zijn naar<\/p>\n","protected":false},"excerpt":{"rendered":"<p>Ontdek de ziel van Paros aan de hand van zes uitzonderlijke wijnen. Van de sprankelende Seiradi Ros\u00e9 Extra Brut en de frisse Seiradi Blanc tot de levendige Seiradi Ros\u00e9, de expressieve Seiradi Rouge, de verfijnde Cuv\u00e9e Topos Blanc en de gestructureerde Cuv\u00e9e Topos Rouge: deze collectie weerspiegelt de zonnige wijngaarden van het eiland, eeuwenoude tradities [&hellip;]<\/p>\n","protected":false},"featured_media":38243,"template":"","meta":{"_acf_changed":false,"_et_pb_use_builder":"","_et_pb_old_content":"","_et_gb_content_width":""},"characteristic":[],"grape":[],"producer":[206],"region":[216],"style":[238],"product_cat":[143],"product_tag":[],"class_list":{"0":"post-38244","1":"product","2":"type-product","3":"status-publish","4":"has-post-thumbnail","6":"producer-paros-farming-community","7":"region-cycladen","8":"style-wijnboxen","9":"product_cat-wijnen","11":"first","12":"outofstock","13":"taxable","14":"shipping-taxable","15":"product-type-simple"},"acf":[],"_links":{"self":[{"href":"https:\/\/andromachiselection.be\/nl\/wp-json\/wp\/v2\/product\/38244","targetHints":{"allow":["GET"]}}],"collection":[{"href":"https:\/\/andromachiselection.be\/nl\/wp-json\/wp\/v2\/product"}],"about":[{"href":"https:\/\/andromachiselection.be\/nl\/wp-json\/wp\/v2\/types\/product"}],"wp:featuredmedia":[{"embeddable":true,"href":"https:\/\/andromachiselection.be\/nl\/wp-json\/wp\/v2\/media\/38243"}],"wp:attachment":[{"href":"https:\/\/andromachiselection.be\/nl\/wp-json\/wp\/v2\/media?parent=38244"}],"wp:term":[{"taxonomy":"characteristic","embeddable":true,"href":"https:\/\/andromachiselection.be\/nl\/wp-json\/wp\/v2\/characteristic?post=38244"},{"taxonomy":"grape","embeddable":true,"href":"https:\/\/andromachiselection.be\/nl\/wp-json\/wp\/v2\/grape?post=38244"},{"taxonomy":"producer","embeddable":true,"href":"https:\/\/andromachiselection.be\/nl\/wp-json\/wp\/v2\/producer?post=38244"},{"taxonomy":"region","embeddable":true,"href":"https:\/\/andromachiselection.be\/nl\/wp-json\/wp\/v2\/region?post=38244"},{"taxonomy":"style","embeddable":true,"href":"https:\/\/andromachiselection.be\/nl\/wp-json\/wp\/v2\/style?post=38244"},{"taxonomy":"product_cat","embeddable":true,"href":"https:\/\/andromachiselection.be\/nl\/wp-json\/wp\/v2\/product_cat?post=38244"},{"taxonomy":"product_tag","embeddable":true,"href":"https:\/\/andromachiselection.be\/nl\/wp-json\/wp\/v2\/product_tag?post=38244"}],"curies":[{"name":"wp","href":"https:\/\/api.w.org\/{rel}","templated":true}]}}